{"id":837,"date":"2020-08-20T09:14:35","date_gmt":"2020-08-20T09:14:35","guid":{"rendered":"http:\/\/sklop.org\/?page_id=837"},"modified":"2020-09-10T14:24:07","modified_gmt":"2020-09-10T14:24:07","slug":"nagrada-zvono-2018","status":"publish","type":"page","link":"https:\/\/sklop.org\/bs\/nagrada-zvono-2018\/","title":{"rendered":"Nagrada ZVONO 2018"},"content":{"rendered":"<h3 id=\"info\">Nagrada ZVONO 2018 &#8211; Info Events<\/h3>\n<p>U okviru konkursa za nagradu ZVONO 2018 Udru\u017eenje SKLOP organizuje<br \/>\ninformativne doga\u0111aje o pozadini nagrade i na\u010dinu prijave, i to u gradovima Banja<br \/>\nLuka, \u0160iroki Brijeg, Sarajevo i Trebinje.<\/p>\n<p><strong>Banja Luka<\/strong><br \/>\nDatum: Petak, 23.02.2018, 19 h<br \/>\nLokacija: Muzej Savremene Umjetnosti Republike Srpske<br \/>\nAdresa: Trg srpskih junaka 2, Banja Luka<br \/>\nUvod: Sarita Vujkovi\u0107, direktorica MSURS, Banja Luka<br \/>\nPrezentacija: Sandra Bradvi\u0107, direktorica SKLOP, Sarajevo<\/p>\n<p><strong>Sarajevo<\/strong><br \/>\nDatum: \u010cetvrtak, 01.03.2018, 19 h<br \/>\nLokacija: Udru\u017eenje SKLOP<br \/>\nAdresa: Radi\u0107eva 2\/III, Sarajevo<br \/>\nPrezentacija: Sandra Bradvi\u0107, direktorica SKLOP, Sarajevo<\/p>\n<p><strong>\u0160iroki Brijeg<\/strong><br \/>\nDatum: \u010cetvrtak, 22.02.2018, 19 h<br \/>\nLokacija: Galerija Akademije Likovnih Umjetnosti<br \/>\nAdresa: Kardinala Alojzija Stepinca 16, \u0160iroki Brijeg<br \/>\nUvod: Tomislav Zovko, Predsjednik Alumnija ALU \u0160iroki Brijeg<br \/>\nPrezentacija: Sandra Bradvi\u0107, direktorica SKLOP, Sarajevo<\/p>\n<p><strong>Trebinje<\/strong><br \/>\nDatum: Srijeda, 21.02.2018, 19 h<br \/>\nLokacija: Kulturni Centar<br \/>\nAdresa: Trg palih boraca 1, Trebinje<br \/>\nPrezentacija: Sandra Bradvi\u0107, direktorica SKLOP, Sarajevo<\/p>\n<p>Ovom prilikom posjetitelji\/ce \u0107e mo\u0107i saznati vi\u0161e o ovoj jedinstvenoj nagradi za savremenu umjetnost u Bosni i Hercegovini, koja pobjedniku\/ci pru\u017ea mogu\u0107nost dvomjese\u010dne umjetni\u010dke rezidencije u New Yorku.<\/p>\n<p>U prvom dijelu prezentacije, posjetitelji\/ce \u0107e biti informisani o pozadini i historijatu nagrade, njenim osniva\u010dima i partnerima u BiH i SAD, dok \u0107e u drugom dijelu biti obja\u0161njeni svi detalji o na\u010dinu prijave, podobnosti i procesu selekcije. Glavni fokus drugog dijela prezentacije stavlja se na proces izrade portfolija, \u0161to \u0107e biti poja\u0161njeno na konkretnim primjerima.<\/p>\n<p>Poziv na informativni doga\u0111aj se upu\u0107uje studentima i studenticama likovne akademije ili sli\u010dnih obrazovnih institucija, aktivnim umjetnicima i umjetnicama, radnicima i radnicama iz kulturnog sektora kao i svim zainteresovanim gra\u0111anima, gra\u0111ankama i ljubiteljima umjetnosti.<\/p>\n<h3 id=\"ziri\">Nagrada ZVONO 2018 &#8211; \u010clanovi\/-ice \u017eirija<\/h3>\n<p><a href=\"http:\/\/sklop.org\/news\/nagrada-zvono-2018-clanovi-zirija-2\/?lang=bs\">Jean-Claude Freymond-Guth<\/a><\/p>\n<p><a href=\"http:\/\/sklop.org\/news\/the-zvono-award-2018-clanovi-zirija\/?lang=bs\">Nina Komel<\/a><\/p>\n<p><a href=\"http:\/\/sklop.org\/news\/nagrada-zvono-2018-clanovi-zirija\/?lang=bs\">Karina Kottova<\/a><\/p>\n<p><a href=\"http:\/\/sklop.org\/news\/the-zvono-award-2018-jury-members-5\/\">James Thomas Merle<\/a><\/p>\n<p><a href=\"http:\/\/sklop.org\/news\/nagrada-zvono-2018-clanovi-zirija-3\/?lang=bs\">Christopher Yggdre<\/a><\/p>\n<h3 id=\"finalisti\">Nagrada ZVONO 2018 &#8211; Finalist\/-ice<\/h3>\n<p><a href=\"http:\/\/sklop.org\/news\/nagrada-zvono-2018-finalisti\/?lang=bs\">Igor Bo\u0161njak, Nikola Kekerovi\u0107, Vesna Majstorovi\u0107, Sa\u0161a Tati\u0107<\/a><\/p>\n<h3 id=\"izlozba\">Nagrada ZVONO 2018 &#8211; Grupna izlo\u017eba finalista\/-ica<\/h3>\n<p class=\"date\"><a href=\"http:\/\/sklop.org\/news\/nagrada-zvono-2018-finalisti\/?lang=bs\">Grupna izlo\u017eba finalista\/-ica<\/a><\/p>\n<div class=\"date\"><\/div>\n<div><\/div>\n<p>&nbsp;<\/p>\n<div id=\"gtx-trans\" style=\"position: absolute; left: -18px; top: 53.7188px;\"><\/div>\n","protected":false},"excerpt":{"rendered":"<p>Nagrada ZVONO 2018 &#8211; Info Events U okviru konkursa za nagradu ZVONO 2018 Udru\u017eenje SKLOP organizuje informativne doga\u0111aje o pozadini nagrade i na\u010dinu prijave, i to u gradovima Banja Luka, \u0160iroki Brijeg, Sarajevo i Trebinje. Banja Luka Datum: Petak, 23.02.2018, 19 h Lokacija: Muzej Savremene Umjetnosti Republike Srpske Adresa: Trg srpskih junaka 2, Banja Luka [&hellip;]<\/p>\n","protected":false},"author":1,"featured_media":0,"parent":0,"menu_order":0,"comment_status":"closed","ping_status":"closed","template":"","meta":[],"_links":{"self":[{"href":"https:\/\/sklop.org\/bs\/wp-json\/wp\/v2\/pages\/837"}],"collection":[{"href":"https:\/\/sklop.org\/bs\/wp-json\/wp\/v2\/pages"}],"about":[{"href":"https:\/\/sklop.org\/bs\/wp-json\/wp\/v2\/types\/page"}],"author":[{"embeddable":true,"href":"https:\/\/sklop.org\/bs\/wp-json\/wp\/v2\/users\/1"}],"replies":[{"embeddable":true,"href":"https:\/\/sklop.org\/bs\/wp-json\/wp\/v2\/comments?post=837"}],"version-history":[{"count":13,"href":"https:\/\/sklop.org\/bs\/wp-json\/wp\/v2\/pages\/837\/revisions"}],"predecessor-version":[{"id":932,"href":"https:\/\/sklop.org\/bs\/wp-json\/wp\/v2\/pages\/837\/revisions\/932"}],"wp:attachment":[{"href":"https:\/\/sklop.org\/bs\/wp-json\/wp\/v2\/media?parent=837"}],"curies":[{"name":"wp","href":"https:\/\/api.w.org\/{rel}","templated":true}]}}