{"id":999,"date":"2020-09-17T06:27:47","date_gmt":"2020-09-17T06:27:47","guid":{"rendered":"http:\/\/sklop.org\/?page_id=999"},"modified":"2020-09-17T06:27:47","modified_gmt":"2020-09-17T06:27:47","slug":"nagrada-zvono-otvoren-konkurs-2020","status":"publish","type":"page","link":"http:\/\/sklop.org\/bs\/nagrada-zvono-otvoren-konkurs-2020\/","title":{"rendered":"Nagrada ZVONO &#8211; Otvoren konkurs 2020"},"content":{"rendered":"<p>Udru\u017eenje za istra\u017eivanje, dokumentiranje i prezentiranje umjetnosti SKLOP sa rado\u0161\u0107u objavljuje javni konkurs za nagradu\u00a0The ZVONO Award 2020 \u2013 YVVA The Young Visual Artists Award \u2013 za\u00a0mlade savremene umjetnike i umjetnice iz Bosne i Hercegovine do 40. godine starosti.<\/p>\n<p>Prijava je otvorena za likovne umjetnike\/ce koji\/e se bave slikarstvom, skulpturom, grafikom, crte\u017eom, instalacijom, fotografijom, videom, performansom, novim medijima i\/ili imaju interdiciplinarni pristup.<\/p>\n<p>Nagrada nije namijenjena za primjenjene umjetnosti poput dizajna, teatara, plesa i filma.<\/p>\n<p>Nagrada se sastoji od dvomjese\u010dne umjetni\u010dke rezidencije u New York-u, te prezentacije iskustava u NY po povratku iz SAD.<\/p>\n<p><strong>Rok za prijavu: 31.10.2020<\/strong><\/p>\n","protected":false},"excerpt":{"rendered":"<p>Udru\u017eenje za istra\u017eivanje, dokumentiranje i prezentiranje umjetnosti SKLOP sa rado\u0161\u0107u objavljuje javni konkurs za nagradu\u00a0The ZVONO Award 2020 \u2013 YVVA The Young Visual Artists Award \u2013 za\u00a0mlade savremene umjetnike i umjetnice iz Bosne i Hercegovine do 40. godine starosti. Prijava je otvorena za likovne umjetnike\/ce koji\/e se bave slikarstvom, skulpturom, grafikom, crte\u017eom, instalacijom, fotografijom, videom, [&hellip;]<\/p>\n","protected":false},"author":1,"featured_media":0,"parent":0,"menu_order":0,"comment_status":"closed","ping_status":"closed","template":"","meta":[],"_links":{"self":[{"href":"http:\/\/sklop.org\/bs\/wp-json\/wp\/v2\/pages\/999"}],"collection":[{"href":"http:\/\/sklop.org\/bs\/wp-json\/wp\/v2\/pages"}],"about":[{"href":"http:\/\/sklop.org\/bs\/wp-json\/wp\/v2\/types\/page"}],"author":[{"embeddable":true,"href":"http:\/\/sklop.org\/bs\/wp-json\/wp\/v2\/users\/1"}],"replies":[{"embeddable":true,"href":"http:\/\/sklop.org\/bs\/wp-json\/wp\/v2\/comments?post=999"}],"version-history":[{"count":1,"href":"http:\/\/sklop.org\/bs\/wp-json\/wp\/v2\/pages\/999\/revisions"}],"predecessor-version":[{"id":1001,"href":"http:\/\/sklop.org\/bs\/wp-json\/wp\/v2\/pages\/999\/revisions\/1001"}],"wp:attachment":[{"href":"http:\/\/sklop.org\/bs\/wp-json\/wp\/v2\/media?parent=999"}],"curies":[{"name":"wp","href":"https:\/\/api.w.org\/{rel}","templated":true}]}}