{"id":909,"date":"2020-09-06T17:10:15","date_gmt":"2020-09-06T17:10:15","guid":{"rendered":"http:\/\/sklop.org\/?page_id=909"},"modified":"2020-10-15T04:37:31","modified_gmt":"2020-10-15T04:37:31","slug":"otvoren-konkurs-2020","status":"publish","type":"page","link":"http:\/\/sklop.org\/bs\/nagrada-zvono\/otvoren-konkurs-2020\/","title":{"rendered":"Otvoren konkurs 2020"},"content":{"rendered":"<div class=\"page\" title=\"Page 3\">\n<div class=\"layoutArea\">\n<div class=\"column\">\n<div class=\"column\">\n<p>Udru\u017eenje za istra\u017eivanje, dokumentiranje i prezentiranje umjetnosti SKLOP sa rado\u0161\u0107u objavljuje javni konkurs za Nagradu ZVONO 2020 &#8211; YVVA The Young Visual Artists Award &#8211; za\u00a0mlade savremene umjetnike i umjetnice iz Bosne i Hercegovine do 40. godine starosti.<\/p>\n<p>Prijava je otvorena za likovne umjetnike\/ce koji\/e se bave slikarstvom, skulpturom, grafikom, crte\u017eom, instalacijom, fotografijom, videom, performansom, novim medijima i\/ili imaju interdiciplinarni pristup.<\/p>\n<p>Nagrada nije namijenjena za primjenjene umjetnosti poput dizajna, teatara, plesa i filma.<\/p>\n<p>Nagrada se sastoji od dvomjese\u010dne umjetni\u010dke rezidencije u New York-u, te prezentacije iskustava u NY po povratku iz SAD.<\/p>\n<p><strong>Rok za prijavu: 31.10.2020<\/strong><\/p>\n<h3 id=\"podobnost\">Podobnost<\/h3>\n<\/div>\n<div class=\"page\" title=\"Page 7\">\n<div class=\"layoutArea\">\n<div class=\"column\">\n<p>\u2212Konkurs za nagradu je otvoren za likovne umjetnike\/ce iz Bosne i Hercego- vine do 40. godine starosti, koji\/e se bave slikarstvom, skulpturom, grafikom, crte- \u017eom, fotografijom, instalacijom, videom, performansom, novim medijima i\/ili imaju interdisciplinarni pristup<\/p>\n<p>\u2212Nagrada nije namijenjena za primjenjene umjetnosti poput dizajna, teatara, plesa i filma.<\/p>\n<p>\u2212Aplikanti bi trebali biti apsolventi Aka- demije likovnih umjetnosti ili sli\u010dnih institucija, imati znatan broj radova i aktivnu izlaga\u010dku djelatnost u najmanje tri zadnje godine.<\/p>\n<p>\u2212Umjetnici\/e koji\/e \u017eive u BiH ne moraju biti dr\u017eavljani\/ke Bosne i Hercegovine, ali moraju biti priznati\/e za njihov doprinos u razvijanju umjetni\u010dke scene u BiH. Umjetnici\/ce koji su emigrirali trebaju biti pripadnici\/e umjetni\u010dke scene BiH i regularno izlagati u BiH.<\/p>\n<\/div>\n<div class=\"column\">\n<p>\u2212Aplikanti trebaju imati dobro razvijen konverzacijski engleski, kako bi mogli u\u010destvovati u programu rezidencije i uspostaviti komunikaciju i razmjenu sa profesionalnim djelatnicima i umjetnicima u New Yorku.<\/p>\n<p>\u2212Umjetnici\/ce se mogu prijaviti na svoju li\u010dnu inicijativu ili mogu biti preporu\u010deni od strane pojedinca, institucija i stru\u010dnjaka iz polja likovne umjetnosti.<\/p>\n<\/div>\n<\/div>\n<\/div>\n<\/div>\n<\/div>\n<\/div>\n<div class=\"page\" title=\"Page 6\">\n<div class=\"layoutArea\">\n<div class=\"page\" title=\"Page 7\">\n<div class=\"layoutArea\">\n<h3 id=\"aplikacija\">Aplikacija<\/h3>\n<p>Pro\u010ditajte dole navedene podatke i provjerite jeste li pripremili potrebne dokumente kako je navedeno u nastavku.<\/p>\n<p>Svaki aplikant\/svaka aplikantica obvezan\/obavezna je poslati:<\/p>\n<p><strong>1. Formular za prijavu (obavezno)<\/strong><\/p>\n<p>\u2022 Formular za prijavu treba ispuniti na b\/h\/s i na engleskom jeziku (me\u0111unarodni\/-e \u010dlanovi\/\u010dlanice \u017eirija).<\/p>\n<p>\u2022 Formular za prijavu ispunjen samo na b\/h\/s ne\u0107e biti prihva\u0107en.<\/p>\n<p>\u2022 Formular za prijavu mora biti usmjeren samo na 1-3 djela, nastala u posljednje tri godine.<\/p>\n<p>\u2022 Formular za prijavu mo\u017ee se preuzeti s ove web stranice.<\/p>\n<p><strong>2.Vizualna dokumentacija (obavezno)<\/strong><\/p>\n<p>\u2022 Za svaki rad koji prijavljujete potrebno je poslati 1-3 fotografije (najvi\u0161e 9 fotografija, maksimalno 5 MB za svih 9 fotografija);<\/p>\n<p>\u2022 Fotografije moraju biti jasno ozna\u010dene naslovom djela i godinom nastanka<br \/>\nPrimjer: Ako \u0161aljete tri fotografije za jedan rad, fotografije moraju biti ozna\u010dene kako slijedi:<br \/>\nUgro\u017eena priroda, 2019_1; Ugro\u017eena priroda, 2019_2, Ugro\u017eena priroda, 2019_3 (i tako dalje za svaki dodatni rad)<\/p>\n<p>\u2022 Fotografije ne treba kopirati unutar formulara za prijavu (formular je samo za tekst), ve\u0107 poslati zasebno.<\/p>\n<p>\u2022 Odaberite razumnu rezoluciju fotografija koja ne kompromitira va\u0161 rad, ali uzima u obzir da se fotografije koriste samo interno\u00a0kao uvid i da ne\u0107e biti publicirane.<\/p>\n<p>\u2022 Za video radove i video dokumentaciju performanca dodajte link ispod opisa djela u formularu za prijavu. Ako nemate linkove,\u00a0po\u0161aljite 1-3 fotografije i ozna\u010dite ih kako je gore opisano.<\/p>\n<p>\u2022 Ako odlu\u010dite poslati umjetni\u010dki portfolio koji uklju\u010duje fotografije 1-3 djela sa kojima se prijavljujete, imajte na umu da uprkos\u00a0tome trebate dodatno i zasebno poslati 1-3 fotografije za svako djelo sa kojim se prijavljujete kao \u0161to je gore opisano.<\/p>\n<p>\u2022 Ako imate web stranicu koja uklju\u010duje 1-3 djela sa kojima se prijavljujete, imajte na umu da, uprkos tome trebate dodatno i zasebno poslati\u00a01-3\u00a0fotografije za svako djelo sa kojim se prijavljujete kao \u0161to je gore opisano.<\/p>\n<p><strong>3.Izjava umjetnika\/-ice (artist statement) (obavezno)<\/strong><\/p>\n<p>\u2022 Izjava umjetnika\/-ice treba biti napisana na b\/h\/s i na engleskom jeziku (me\u0111unarodni\/-e \u010dlanovi\/\u010dlanice \u017eirija).<\/p>\n<p>\u2022 Izjava umjetnika\/-ice poslana samo b\/h\/s ne\u0107e biti prihva\u0107ena.<\/p>\n<p>\u2022 Izjava umjetnika\/-ice ne treba sadr\u017eavati opise pojedina\u010dnih djela. Opisi rada trebaju se formulirati u prijavnom obrascu\u00a0(i portfoliu).<\/p>\n<p>\u2022 Izjava umjetnika\/-ice treba da objasni va\u0161e cjelokupne interese, umjetni\u010dke pristupe i va\u017ene tematske\/metodolo\u0161ke pomake.<\/p>\n<p>\u2022 Izjava umjetnika\/-ice ne smije biti du\u017ea od jedne A4 stranice (najvi\u0161e 300 rije\u010di).<\/p>\n<p><strong>4.Umjetni\u010dki \u017eivotopis\/CV (obavezno)<\/strong><\/p>\n<p>\u2022 CV treba poslati na b\/h\/s i na engleskom jeziku (me\u0111unarodni\/- \u010dlanovi\/\u010dlanice \u017eirija).<\/p>\n<p>\u2022 CV poslan samo b\/h\/s ne\u0107e biti prihva\u0107en.<\/p>\n<p>\u2022 CV mora sadr\u017eavati:<\/p>\n<p>&#8211; li\u010dne podatke (ime, datum ro\u0111enja, mjesto ro\u0111enja; va\u0161a trenutna adresa (gdje trenutno \u017eivite); broj mobitela, e-mail\u00a0adresa, web stranica (ako postoji);<\/p>\n<p>&#8211; informacije o obrazovanju;<\/p>\n<p>&#8211;\u00a0samostalne i gruple izlo\u017ebe (navedite zasebno);<\/p>\n<p>&#8211; nagrade (ako postoje);<\/p>\n<p>&#8211; radovi u zbirkama (ako postoje);<\/p>\n<p>&#8211; drugi mogu\u0107i anga\u017emani (podu\u010davanje, kustos itd., ako postoje)<\/p>\n<p><strong>5. Umjetni\u010dki portfolio (neobavezno)<\/strong><\/p>\n<p>\u2022 Portfolio nije obvezan.<\/p>\n<p>\u2022 Uz obvezne dokumente (1-4), aplikant\/ica mo\u017ee po \u017eelji poslati portfolio koji pored 1-3 obavezna rada uklju\u010duje i dalje radove.<\/p>\n<p>\u2022 Portfolio tako\u0111er mora biti na b\/h\/s i engleskom jeziku i ne smije biti ve\u0107i od 4 MB.<\/p>\n<p>\u2022 Odaberite razumnu rezoluciju\/veli\u010dinu portfolija, koja ne kompromitira va\u0161 rad, ali uzima u obzir da se koristi samo interno i\u00a0nije usmjerena na objavljivanje.<\/p>\n<p><strong>Formular za aplikaciju te ostale obavezne dokumente poslati direktno na e-mail ili putem wetransfera na: <a href=\"mailto:zvono@sklop.org\">zvono@sklop.org<\/a><\/strong><\/p>\n<p><strong>Rok prijave: 31.10.2020<\/strong><\/p>\n<div class=\"page\" title=\"Page 8\">\n<div class=\"layoutArea\">\n<div class=\"column\"><\/div>\n<h3 id=\"selekcija\">Selekcija<\/h3>\n<div class=\"page\" title=\"Page 6\">\n<div class=\"layoutArea\">\n<div class=\"column\">\n<p>Proces selekcije pobjednika\/ce nagrade je podijeljen u dva ciklusa.<\/p>\n<p>U prvom ciklusu \u017eiri razmatra sve pristigle prijave i me\u0111u njima bira \u010detiri finalista. Radovi finalista se prezentiraju na grupnoj izlo\u017ebi finalista.<\/p>\n<p>U drugom ciklusu \u017eiri odabira pobjed- nika\/cu nagrade u okviru grupne izlo\u017ebe finalista, obrazlo\u017eava svoju odluku putem izjave \u017eirija, te progla\u0161ava pobjednika\/cu na otvorenju grupne izlo\u017ebe finalista.<\/p>\n<\/div>\n<div class=\"column\">\n<p>Nagrada je namijenjena za samo jednog umjetnika ili za samo jednu umjetnicu.<\/p>\n<p>Nagrada se sastoji od dvomjese\u010dne umjetni\u010dke rezidencije u New Yorku kod Residency Unlimited, kao i od samo- stalne izlo\u017ebe nakon povratka iz SAD.<\/p>\n<\/div>\n<h3 id=\"ziri\">\u010clanovi \u017eirija<\/h3>\n<p>Daniel Baumann, Direktor Kunsthalle Z\u00fcrich<\/p>\n<p>Igor Bo\u0161njak, umjetnik i dobitnik Nagrade Zvono 2018<\/p>\n<p>Ana Devi\u0107, \u010dlanica kustoskog team-a WHW (What, How &amp; for Whom), Zagreb &amp; voditeljica programa WHW Akademija<\/p>\n<p>Mirsolav Kari\u0107, kustos Muzeja Savremene Umjetnosti, Beograd<\/p>\n<p>Ana Torok, kustosica, New York<\/p>\n<\/div>\n<h3 id=\"ambasadori\">Zvono ambasadorice<\/h3>\n<p>\u0110enita Ku\u0161tri\u0107, Akademija Likovnih Umjetnosti, Sarajevo<\/p>\n<p>Vlatka Luci\u0107, kulurna radnica, Mostar<\/p>\n<p>Ena Mitrovska, osniva\u010dica Art Prostor, Banja Luka<\/p>\n<p dir=\"auto\"><strong>\u0160ta su to ZVONO ambasadorice?<br \/>\n<\/strong>ZVONO ambasadorice su istaknute mlade i nezavisne kulturne radnice, predane i anga\u017eirane u podru\u010dju vlastitog rada, te izvrsno informisane o umjetni\u010dkoj i kulturnoj sceni u Bosni i Hercegovini. Kao takve one u svojim gradovima i \u0161ire uspostavljaju vezu izme\u0111u Nagrade ZVONO i umjetnika i umjetnica zainteresiranih za prijavu na nagradu Zvono 2020. Odli\u010dno upu\u0107ene u kriterije za prijavu, ZVONO ambasadorice zajedno sa organizatorom nagrade, Udru\u017eenjem SKLOP, va\u0161e su kontakt osobe, koje vam mogu pru\u017eiti sve relevantne informacije i odgovoriti na va\u0161a mogu\u0107a pitanja.<br \/>\nPro\u010ditajte smjernice o prijavi na konkurs na i kontaktirajte nas kod dodatnih pitanja putem zvono@sklop.org.<\/p>\n<\/div>\n<\/div>\n<\/div>\n<\/div>\n<\/div>\n<\/div>\n<\/div>\n","protected":false},"excerpt":{"rendered":"<p>Udru\u017eenje za istra\u017eivanje, dokumentiranje i prezentiranje umjetnosti SKLOP sa rado\u0161\u0107u objavljuje javni konkurs za Nagradu ZVONO 2020 &#8211; YVVA The Young Visual Artists Award &#8211; za\u00a0mlade savremene umjetnike i umjetnice iz Bosne i Hercegovine do 40. godine starosti. Prijava je otvorena za likovne umjetnike\/ce koji\/e se bave slikarstvom, skulpturom, grafikom, crte\u017eom, instalacijom, fotografijom, videom, performansom, [&hellip;]<\/p>\n","protected":false},"author":1,"featured_media":0,"parent":252,"menu_order":0,"comment_status":"closed","ping_status":"closed","template":"","meta":[],"_links":{"self":[{"href":"http:\/\/sklop.org\/bs\/wp-json\/wp\/v2\/pages\/909"}],"collection":[{"href":"http:\/\/sklop.org\/bs\/wp-json\/wp\/v2\/pages"}],"about":[{"href":"http:\/\/sklop.org\/bs\/wp-json\/wp\/v2\/types\/page"}],"author":[{"embeddable":true,"href":"http:\/\/sklop.org\/bs\/wp-json\/wp\/v2\/users\/1"}],"replies":[{"embeddable":true,"href":"http:\/\/sklop.org\/bs\/wp-json\/wp\/v2\/comments?post=909"}],"version-history":[{"count":22,"href":"http:\/\/sklop.org\/bs\/wp-json\/wp\/v2\/pages\/909\/revisions"}],"predecessor-version":[{"id":1063,"href":"http:\/\/sklop.org\/bs\/wp-json\/wp\/v2\/pages\/909\/revisions\/1063"}],"up":[{"embeddable":true,"href":"http:\/\/sklop.org\/bs\/wp-json\/wp\/v2\/pages\/252"}],"wp:attachment":[{"href":"http:\/\/sklop.org\/bs\/wp-json\/wp\/v2\/media?parent=909"}],"curies":[{"name":"wp","href":"https:\/\/api.w.org\/{rel}","templated":true}]}}