{"id":254,"date":"2017-12-21T09:46:10","date_gmt":"2017-12-21T09:46:10","guid":{"rendered":"http:\/\/sklop.org\/?page_id=254"},"modified":"2020-09-14T14:25:20","modified_gmt":"2020-09-14T14:25:20","slug":"historijat","status":"publish","type":"page","link":"http:\/\/sklop.org\/bs\/nagrada-zvono\/historijat\/","title":{"rendered":"The ZVONO Award &#8211; Historijat YVVA"},"content":{"rendered":"<div class=\"page\" title=\"Page 3\">\n<div class=\"layoutArea\">\n<div class=\"column\">\n<p>Nagrada ZVONO za mlade vizualne umjetnike i umjetnice u Bosni i Hercegovini (BiH) osnovana je 2006. godine od strane Udru\u017eenja SCCA Sarajevo Center for Contemporary Art. Od 2017. godine zvani\u010dni partner za organizaciju nagrade ZVONO u BiH je Udru\u017eenje za istra\u017eivanje, dokumentiranje i prezentiranje umjetnosti SKLOP.<\/p>\n<\/div>\n<\/div>\n<\/div>\n<p>Program YVVA The Young Visual Artists Award (YVAA) ustanovljen je 1990. godine osnivanjem nagrade Jindrich Chalupecky (Jindrich Chalupecky Award) u \u010cehoslova\u010dkoj, sa misijom promovisanja prepoznatog umjetni\u010dkog dostignu\u0107a i obe\u0107avaju\u0107eg potencijala mladih umjetnika\/ca putem omogu\u0107avanja umjetni\u010dke rezidencije i iskustva kulturne razmjene u SAD. Pod patrona\u017eom predsjednika Vaclava Havela, osniva\u010di programa, naime Wendy Luers, predsjednica Fondacije za Civilno Dru\u0161tvo (<a href=\"http:\/\/fcsny.org\">Foundation for a Civil Society<\/a>) i grupa umjetnika disidenata, nagradu su nazvali po \u010de\u0161kom histori\u010daru umjetnosti Jindrich Chalupecky, nagla\u0161iv\u0161i ulogu kulture u procesu demokratizacije i gra\u0111enju civilnog dru\u0161tva.<\/p>\n<p>Ova osniva\u010dka misija i programski okvir \u2013 promocija savremene umjetnosti, podstaknu\u0107e kulturne razmjene, te izgradnja kapaciteta lokalnih nevladinih organizacija posve\u0107enih umjetnosti \u2013 kao \u0161to je predvodi FCS u New York-u, uskoro je dovela do osnivanja drugih nagrada. Progamu The Young Visual Artists Awards vremenom se pridru\u017eilo dvanaest dr\u017eava, koje danas \u010dine YVVA mre\u017eu: Albanija, Bosna i Hercegovina, Bugarska, Crna Gora, \u010ce\u0161ka Republika, Hrvatska, Kosovo, Ma\u0111arska, Makedonija, Slova\u010dka, Slovenija i Srbija.<\/p>\n<p>YVAA djeluje u partnerstvu sa lokalnim nevladinim organizacijama u sprovo\u0111enju javnog poziva i transparentnog godi\u0161njeg ili dvogodi\u0161njeg takmi\u010denja, kao i vo\u0111ene izlo\u017ebe, putem kojeg nezavisni, internacionalni \u017eiri bira jednog umjetnika kao pobjednika\/cu i dobitnika umjetni\u010dke rezidencije u U.S. Nagrade, koje su\u00a0 u \u010dast jednoj vode\u0107oj li\u010dnosti iz oblasti historije umjetnosti, jednom umjetniku ili umjetni\u010dkoj grupi nazvane po njima, isti\u010du se du\u017eno\u0161\u0107u prema njezi\/unaprije\u0111enju i prepoznavanju novih, mladih umjetnika i umjetnica koji se pojavljuju na nacionalnoj i internacionalnoj umjetni\u010dkoj sceni. Tokom proteklih godina, YVAA program je sara\u0111ivao u partnerstvu sa vode\u0107im umjetni\u010dkim organizacijama iz svake zemlje, koje reflektiraju razvitak i \u017eivost savremene umjetnosti u regionu.<\/p>\n<p>Fondaciji za Civilno Dru\u0161tvo je uspjelo da u razli\u010ditim regijama ne samo uspje\u0161no razvije YVAA program i kulturnu razmjenu sa U.S., nego i da tokom godina realizira veliki broj izlo\u017ebi, simpozija i drugih projekata sa ciljem ja\u010danja umre\u017eavanja i podstaknu\u0107a \u0161ire razmjene izme\u0111u YVAA partnera, umjetnika i kulturnih aktera unutar regije, Europe i U.S., \u0161to YVAA progam \u010dini najdu\u017ee postoje\u0107im i \u0161iroko rasprostranjenim programom svoje vrste Fondacija je do sada organizovala sedam zajedni\u010dkih doga\u0111aja unutar YVAA mre\u017ee, kako u Pragu, tako i u Beogradu, Pri\u0161tini, Bratislavi, Tirani, Washingtonu, Baltimoru, Filadelfiji i New Yorku.<\/p>\n<p>U po\u010detku, dobitnici YVAA nagrade su njihovu umjetni\u010dku rezidenciju absolvirali u <a href=\"http:\/\/www.headlands.org\">Headlands Center for Contemporary Art<\/a> u gradu Sausalito, Kalifornija. Potom, FCS je umjetnike i umjetnice po\u010deo primati u New York-u, najprije u partnerstvu sa <a href=\"http:\/\/www.ihouse-nyc.org\">International House<\/a> i <a href=\"http:\/\/www.columbia.edu\">Columbia University<\/a>, a poslije &#8211;\u00a0 i to na osnovu sve ve\u0107e \u017eelje umjetnika da borave u New Yorku i u\u010destvuju u jednom internacionalnom rezidencijalnom programu &#8211; sa <a href=\"http:\/\/iscp-nyc.org\">International Studio and Curatorial Program<\/a> (ISCP). Kroz godine svog djelovanja, YVAA program je sara\u0111ivao i u partnerstvu sa umjetni\u010dkim institucijama kao su to <a href=\"http:\/\/www.artingeneral.org\">Art in General<\/a> i <a href=\"http:\/\/apexart.org\">ApexArt<\/a>, kao i sa umjetni\u010dkim stru\u010dnjacima u svrhu prezentiranja i promovisanja samih umjetnika tokom, ali i dugo nakon njihove umjetni\u010dke rezidencije u New York-u.<\/p>\n<p><a href=\"http:\/\/www.residencyunlimited.org\/\">Residency Unlimited <\/a>(RU) preuzeo je rukovo\u0111enje YVAA-a programa 2015. godine obezbje\u0111uju\u0107i umjetni\u010dku rezidenciju u trajanju od dva mjeseca u New Yorku. Residency Unlimited (RU) podr\u017eava stvaranje i prezentiranje savremene umjetnosti kroz svoj jedinstveni program umjetni\u010dke rezidencije i javnih sadr\u017eaja koji traju cijelu godinu. Umjetnici beneficiraju od prilago\u0111enih umjetni\u010dkih rezidencija, sedmi\u010dnih studijskih posjeta kustosa i drugih umjetni\u010dkih stru\u010dnjaka, ali i kroz aktivnosti i doga\u0111aje RU-a kroz koje se u\u010desnici upoznaju sa umjetni\u010dkim svijetom New Yorka i imaju pristup \u0161irokom nacionalnom i me\u0111unarodnom networku RU-a.<\/p>\n<p>The\u00a0<a href=\"http:\/\/www.tmuny.org\">Trust for Mutual Understanding\u00a0<\/a>(TMU) finansijski je podr\u017eao YVAA program od samog po\u010detka, te je tako\u0111er nadzirao njegovu viziju, napredak i postignu\u0107a. Ova podr\u0161ka zna\u010dajno je doprinijela umjetni\u010dkom razvoju i me\u0111unarodnom uspjehu 150 i vi\u0161e umjetnika koji su imali koristi od ostvarivanja svoje umjetni\u010dke prakse i profesionalnih odnosa u Sjedinjenim Dr\u017eavama.<\/p>\n<p>Laureati YVAA programa predstavljali su svoje dr\u017eave na Venecijanskom bijenalu, te su izlagali njihova djela na bijenalama u Berlinu, Lionu i Istanbulu, kao i na Documenti i Manifesti i u drugim svjetskim izlo\u017ebama. Kontinuirani uspjeh tih umjetnika i umjetnica na internacionaloj sceni je zna\u010dajno i pozitivno uticao na umjetni\u010dke scene u svih 12 dr\u017eava u kojima su isti aktivni kao umjetnici, kustosi, profesori i kulturni lideri. YVAA program broji vi\u0161e od 20 organizacija, preko 50 stru\u010dnjaka iz oblasti umjetnosti, blizu 500 finalista, te veliki broj aplikanata koji su bili uklju\u010deni ili participirali u YVAA programu u zadnjih 27 godina od njegovog nastanka.<\/p>\n<p>&nbsp;<\/p>\n<p>&nbsp;<\/p>\n","protected":false},"excerpt":{"rendered":"<p>Nagrada ZVONO za mlade vizualne umjetnike i umjetnice u Bosni i Hercegovini (BiH) osnovana je 2006. godine od strane Udru\u017eenja SCCA Sarajevo Center for Contemporary Art. Od 2017. godine zvani\u010dni partner za organizaciju nagrade ZVONO u BiH je Udru\u017eenje za istra\u017eivanje, dokumentiranje i prezentiranje umjetnosti SKLOP. Program YVVA The Young Visual Artists Award (YVAA) ustanovljen [&hellip;]<\/p>\n","protected":false},"author":1,"featured_media":0,"parent":252,"menu_order":0,"comment_status":"closed","ping_status":"closed","template":"","meta":[],"_links":{"self":[{"href":"http:\/\/sklop.org\/bs\/wp-json\/wp\/v2\/pages\/254"}],"collection":[{"href":"http:\/\/sklop.org\/bs\/wp-json\/wp\/v2\/pages"}],"about":[{"href":"http:\/\/sklop.org\/bs\/wp-json\/wp\/v2\/types\/page"}],"author":[{"embeddable":true,"href":"http:\/\/sklop.org\/bs\/wp-json\/wp\/v2\/users\/1"}],"replies":[{"embeddable":true,"href":"http:\/\/sklop.org\/bs\/wp-json\/wp\/v2\/comments?post=254"}],"version-history":[{"count":13,"href":"http:\/\/sklop.org\/bs\/wp-json\/wp\/v2\/pages\/254\/revisions"}],"predecessor-version":[{"id":959,"href":"http:\/\/sklop.org\/bs\/wp-json\/wp\/v2\/pages\/254\/revisions\/959"}],"up":[{"embeddable":true,"href":"http:\/\/sklop.org\/bs\/wp-json\/wp\/v2\/pages\/252"}],"wp:attachment":[{"href":"http:\/\/sklop.org\/bs\/wp-json\/wp\/v2\/media?parent=254"}],"curies":[{"name":"wp","href":"https:\/\/api.w.org\/{rel}","templated":true}]}}