{"id":238,"date":"2017-12-19T17:40:30","date_gmt":"2017-12-19T17:40:30","guid":{"rendered":"http:\/\/sklop.org\/?page_id=238"},"modified":"2021-09-22T12:28:08","modified_gmt":"2021-09-22T12:28:08","slug":"test","status":"publish","type":"page","link":"http:\/\/sklop.org\/bs\/test\/","title":{"rendered":"Kontakt"},"content":{"rendered":"<p>SKLOP<\/p>\n<p>Udru\u017eenje za istra\u017eivanje, dokumentiranje i prezentiranje umjetnosti<\/p>\n<p>Radi\u0107eva 2, 71000 Sarajevo<\/p>\n<p>Bosna i Hercegovina<\/p>\n<p><a class=\"open-map\" href=\"#\">mapa<br \/>\n<\/a><br \/>\ninfo@sklop.org<\/p>\n<p>www.sklop.org<\/p>\n<p><span style=\"color: #0000ff;\"><a href=\"https:\/\/www.facebook.com\/SKLOP-1380694952021247\/\" target=\"_blank\" rel=\"noopener noreferrer\">facebook<\/a><\/span><\/p>\n<p>&nbsp;<\/p>\n<p>&nbsp;<\/p>\n<p><strong>Kontakt<\/strong><\/p>\n<p>Sandra Bradvi\u0107<\/p>\n<p>Direktorica i kustosica<\/p>\n<p><a href=\"mailto:sandra@sklop.org\">sandra@sklop.org<\/a><\/p>\n<p>&nbsp;<\/p>\n<p><strong>Former &amp; Associate Collaborators<\/strong><\/p>\n<p>\u017diva Kleindienst, Curatorial Assistant<\/p>\n<p>Damir Deljo, Intern<\/p>\n<p>Belkisa D\u017eindo,\u00a0Intern<\/p>\n<p>Enver Kazi\u0107, Intern<\/p>\n<p>Amina Sivac, Intern<\/p>\n<p>&nbsp;<\/p>\n<p>\u0110enita Kustri\u0107, Zvono Award Ambassador<\/p>\n<p>Vlatka Lu\u010di\u0107, Zvono\u00a0Award Ambassador<\/p>\n<p>Ena Mitrovska, Zvono Award Ambassador<\/p>\n<p>&nbsp;<\/p>\n<p>Slobodanka Lizdek, Press<\/p>\n<p>Smirna Kulenovi\u0107, Press<\/p>\n<p>&nbsp;<\/p>\n<p>Marcel Freymond, Font Design<\/p>\n<p>Haris Had\u017ei\u0107, Web Programming<\/p>\n<p>Tjobo Kho, Graphic Design<\/p>\n<p>Ljubi\u0161a Trivi\u0107, Web Programming<\/p>\n<p>&nbsp;<\/p>\n<p>FinSolutions, Accounting<\/p>\n<p>&nbsp;<\/p>\n","protected":false},"excerpt":{"rendered":"<p>SKLOP Udru\u017eenje za istra\u017eivanje, dokumentiranje i prezentiranje umjetnosti Radi\u0107eva 2, 71000 Sarajevo Bosna i Hercegovina mapa info@sklop.org www.sklop.org facebook &nbsp; &nbsp; Kontakt Sandra Bradvi\u0107 Direktorica i kustosica sandra@sklop.org &nbsp; Former &amp; Associate Collaborators \u017diva Kleindienst, Curatorial Assistant Damir Deljo, Intern Belkisa D\u017eindo,\u00a0Intern Enver Kazi\u0107, Intern Amina Sivac, Intern &nbsp; \u0110enita Kustri\u0107, Zvono Award Ambassador Vlatka [&hellip;]<\/p>\n","protected":false},"author":1,"featured_media":0,"parent":0,"menu_order":0,"comment_status":"closed","ping_status":"closed","template":"contact.php","meta":[],"_links":{"self":[{"href":"http:\/\/sklop.org\/bs\/wp-json\/wp\/v2\/pages\/238"}],"collection":[{"href":"http:\/\/sklop.org\/bs\/wp-json\/wp\/v2\/pages"}],"about":[{"href":"http:\/\/sklop.org\/bs\/wp-json\/wp\/v2\/types\/page"}],"author":[{"embeddable":true,"href":"http:\/\/sklop.org\/bs\/wp-json\/wp\/v2\/users\/1"}],"replies":[{"embeddable":true,"href":"http:\/\/sklop.org\/bs\/wp-json\/wp\/v2\/comments?post=238"}],"version-history":[{"count":24,"href":"http:\/\/sklop.org\/bs\/wp-json\/wp\/v2\/pages\/238\/revisions"}],"predecessor-version":[{"id":1093,"href":"http:\/\/sklop.org\/bs\/wp-json\/wp\/v2\/pages\/238\/revisions\/1093"}],"wp:attachment":[{"href":"http:\/\/sklop.org\/bs\/wp-json\/wp\/v2\/media?parent=238"}],"curies":[{"name":"wp","href":"https:\/\/api.w.org\/{rel}","templated":true}]}}