{"id":220,"date":"2017-12-15T08:43:09","date_gmt":"2017-12-15T08:43:09","guid":{"rendered":"http:\/\/sklop.org\/?page_id=220"},"modified":"2020-10-06T18:02:27","modified_gmt":"2020-10-06T18:02:27","slug":"about","status":"publish","type":"page","link":"http:\/\/sklop.org\/bs\/about\/","title":{"rendered":"O nama"},"content":{"rendered":"<p>SKLOP je udru\u017eenje za savremenu umjetnost, osnovano u Sarajevu 2017. godine. Udru\u017eenje je osnovala histori\u010darka umjetnosti Sandra Bradvi\u0107. Glavne djelatnosti udru\u017eenja su istra\u017eivanje, dokumentiranje i prezentiranje umjetnosti. Od 2017 godine SKLOP je novi zvani\u010dni partner za organizaciju nagrade ZVONO za mlade umjetnice i umjetnike iz Bosne i Hercegovine (<a href=\"http:\/\/www.yvaawards.org\">Young Visual Artist Award)<\/a>.<br \/>\nSKLOP podr\u017eava internacionalne umjetnike i umjetnice mla\u0111e generacije. Pored realizicije izlo\u017ebi Udru\u017eenje SKLOP je u istoj mjeri posve\u0107eno na\u010dnom radu i pristupu, identificiraju\u0107i i izu\u010davaju\u0107i klju\u010dne umjetni\u010dke pozicije (ve\u0107inom iz BiH) od 1980. godine do danas.<\/p>\n","protected":false},"excerpt":{"rendered":"<p>SKLOP je udru\u017eenje za savremenu umjetnost, osnovano u Sarajevu 2017. godine. Udru\u017eenje je osnovala histori\u010darka umjetnosti Sandra Bradvi\u0107. Glavne djelatnosti udru\u017eenja su istra\u017eivanje, dokumentiranje i prezentiranje umjetnosti. Od 2017 godine SKLOP je novi zvani\u010dni partner za organizaciju nagrade ZVONO za mlade umjetnice i umjetnike iz Bosne i Hercegovine (Young Visual Artist Award). SKLOP podr\u017eava internacionalne [&hellip;]<\/p>\n","protected":false},"author":1,"featured_media":0,"parent":0,"menu_order":0,"comment_status":"closed","ping_status":"closed","template":"about.php","meta":[],"_links":{"self":[{"href":"http:\/\/sklop.org\/bs\/wp-json\/wp\/v2\/pages\/220"}],"collection":[{"href":"http:\/\/sklop.org\/bs\/wp-json\/wp\/v2\/pages"}],"about":[{"href":"http:\/\/sklop.org\/bs\/wp-json\/wp\/v2\/types\/page"}],"author":[{"embeddable":true,"href":"http:\/\/sklop.org\/bs\/wp-json\/wp\/v2\/users\/1"}],"replies":[{"embeddable":true,"href":"http:\/\/sklop.org\/bs\/wp-json\/wp\/v2\/comments?post=220"}],"version-history":[{"count":7,"href":"http:\/\/sklop.org\/bs\/wp-json\/wp\/v2\/pages\/220\/revisions"}],"predecessor-version":[{"id":1059,"href":"http:\/\/sklop.org\/bs\/wp-json\/wp\/v2\/pages\/220\/revisions\/1059"}],"wp:attachment":[{"href":"http:\/\/sklop.org\/bs\/wp-json\/wp\/v2\/media?parent=220"}],"curies":[{"name":"wp","href":"https:\/\/api.w.org\/{rel}","templated":true}]}}